{"id":344,"date":"2021-11-08T10:13:51","date_gmt":"2021-11-08T10:13:51","guid":{"rendered":"https:\/\/www.boulderkerkvenlo.nl\/?page_id=344"},"modified":"2022-04-28T11:17:12","modified_gmt":"2022-04-28T11:17:12","slug":"boulderen","status":"publish","type":"page","link":"https:\/\/www.boulderkerkvenlo.nl\/de\/boulderen\/","title":{"rendered":"Boulderen"},"content":{"rendered":"<h3 class=\"wp-block-heading\"><strong>Wat is boulderen<\/strong>?<\/h3>\n\n\n\n<div class=\"wp-block-columns is-layout-flex wp-container-core-columns-is-layout-9d6595d7 wp-block-columns-is-layout-flex\">\n<div class=\"wp-block-column is-layout-flow wp-block-column-is-layout-flow\" style=\"flex-basis:66.66%\">\n<p>Boulderen is een aparte tak binnen de klimsport waarbij je oplossingsgericht routes klimt van verschillende niveau&#8217;s tot een maximale hoogte van 4,5 meter zonder gordel of touw maar m\u00e9t een 30 cm dikke valmat onder de muren. Je kunt alleen boulderen, maar de klimpuzzels lenen zich bij uitstek om in overleg met vrienden opgelost te worden. Hierdoor is boulderen een erg sociale en gezellige sport. Zelfs als je alleen naar een hal komt.<\/p>\n\n\n\n<p>De uitdaging die een route biedt zal je snel sterk, soepel en vindingrijk maken. Boulderen is hierdoor een prima aanvulling op, of vervanging voor de klassieke sportschool. Het is bijna verslavend te noemen om een klimprobleem uiteindelijk af te kunnen strepen!<\/p>\n\n\n\n<p>Om te kunnen boulderen is geen speciale cursus nodig. Ook de benodigde materialen (klimschoenen) zijn simpelweg voor een klein bedrag bij ons te huur.<\/p>\n<\/div>\n\n\n\n<div class=\"wp-block-column is-layout-flow wp-block-column-is-layout-flow\" style=\"flex-basis:33.33%\">\n<p>Iedereen vanaf 6 jaar is welkom. Kinderen onder de 12 mogen, in verband met de veiligheid, alleen onder begeleiding van een volwassene naar binnen (maximaal 2 kinderen per begeleider).<\/p>\n\n\n\n<p>W\u00e9l krijg je v\u00f3\u00f3r de eerste keer boulderen een korte veiligheidsinstructie van \u00e9\u00e9n van onze medewerkers, zodat je eerste ervaring meteen een goede en veilige zal zijn.<\/p>\n<\/div>\n<\/div>\n\n\n\n<h2 class=\"wp-block-heading\"><strong>Veiligheidsregels boulderen<\/strong><\/h2>\n\n\n\n<div class=\"wp-block-columns is-layout-flex wp-container-core-columns-is-layout-9d6595d7 wp-block-columns-is-layout-flex\">\n<div class=\"wp-block-column is-layout-flow wp-block-column-is-layout-flow\" style=\"flex-basis:66.66%\">\n<ul class=\"wp-block-list\"><li>Houd de matten vrij voor boulderaars.<\/li><li>Niet rennen, spelen of liggen op de matten.<\/li><li>Houd voldoende afstand (boven, onder en naast) de boulderaars in de wand.<\/li><li>Gebruik alleen de wand en de grepen, maar niet de constructie van het pand bij het boulderen.<\/li><li>Laat geen voorwerpen op de valmatten liggen.<\/li><li>Draag geen sieraden of horloges tijdens het boulderen.<\/li><li>Zorg dat je de juiste valtechniek beheerst:<ul><li>Afklimmen is beter dan afspringen<\/li><li>Oefen het afspringen en het opvangen van je sprong of val<\/li><li>Probeer op beide voeten te landen<\/li><li>Probeer op platte voeten te landen<\/li><li>Probeer niet met gestrekte ledematen te landen<\/li><li>Veer door je knie\u00ebn bij het landen of rol door<\/li><\/ul><\/li><\/ul>\n<\/div>\n\n\n\n<div class=\"wp-block-column is-layout-flow wp-block-column-is-layout-flow\" style=\"flex-basis:33.33%\">\n<figure class=\"wp-block-image size-full\"><img loading=\"lazy\" decoding=\"async\" width=\"343\" height=\"343\" src=\"https:\/\/www.boulderkerkvenlo.nl\/wp-content\/uploads\/gebod4-1.jpg\" alt=\"\" class=\"wp-image-834\" title=\"\" srcset=\"https:\/\/www.boulderkerkvenlo.nl\/wp-content\/uploads\/gebod4-1.jpg 343w, https:\/\/www.boulderkerkvenlo.nl\/wp-content\/uploads\/gebod4-1-300x300.jpg 300w, https:\/\/www.boulderkerkvenlo.nl\/wp-content\/uploads\/gebod4-1-150x150.jpg 150w, https:\/\/www.boulderkerkvenlo.nl\/wp-content\/uploads\/gebod4-1-12x12.jpg 12w\" sizes=\"(max-width: 343px) 100vw, 343px\" \/><figcaption><a href=\"https:\/\/www.boulderkerkvenlo.nl\/wp-content\/uploads\/huisregels-boulderkerkvenlo-NL.pdf\" target=\"_blank\" rel=\"noreferrer noopener\">Bekijk onze 10 geboden voor het boulderen<\/a><\/figcaption><\/figure>\n<\/div>\n<\/div>","protected":false},"excerpt":{"rendered":"<p>Wat is boulderen? Boulderen is een aparte tak binnen de klimsport waarbij je oplossingsgericht routes klimt van verschillende niveau&#8217;s tot een maximale hoogte van 4,5 meter zonder gordel of touw [&hellip;]<\/p>","protected":false},"author":1,"featured_media":845,"parent":0,"menu_order":12,"comment_status":"closed","ping_status":"closed","template":"","meta":{"_et_pb_use_builder":"","_et_pb_old_content":"","_et_gb_content_width":"","footnotes":""},"class_list":["post-344","page","type-page","status-publish","has-post-thumbnail","hentry"],"_links":{"self":[{"href":"https:\/\/www.boulderkerkvenlo.nl\/de\/wp-json\/wp\/v2\/pages\/344","targetHints":{"allow":["GET"]}}],"collection":[{"href":"https:\/\/www.boulderkerkvenlo.nl\/de\/wp-json\/wp\/v2\/pages"}],"about":[{"href":"https:\/\/www.boulderkerkvenlo.nl\/de\/wp-json\/wp\/v2\/types\/page"}],"author":[{"embeddable":true,"href":"https:\/\/www.boulderkerkvenlo.nl\/de\/wp-json\/wp\/v2\/users\/1"}],"replies":[{"embeddable":true,"href":"https:\/\/www.boulderkerkvenlo.nl\/de\/wp-json\/wp\/v2\/comments?post=344"}],"version-history":[{"count":10,"href":"https:\/\/www.boulderkerkvenlo.nl\/de\/wp-json\/wp\/v2\/pages\/344\/revisions"}],"predecessor-version":[{"id":835,"href":"https:\/\/www.boulderkerkvenlo.nl\/de\/wp-json\/wp\/v2\/pages\/344\/revisions\/835"}],"wp:featuredmedia":[{"embeddable":true,"href":"https:\/\/www.boulderkerkvenlo.nl\/de\/wp-json\/wp\/v2\/media\/845"}],"wp:attachment":[{"href":"https:\/\/www.boulderkerkvenlo.nl\/de\/wp-json\/wp\/v2\/media?parent=344"}],"curies":[{"name":"wp","href":"https:\/\/api.w.org\/{rel}","templated":true}]}}